{"id":2,"date":"2022-06-24T15:21:03","date_gmt":"2022-06-24T15:21:03","guid":{"rendered":"https:\/\/aguiacontabilidade.com.br\/?page_id=2"},"modified":"2025-03-06T20:19:18","modified_gmt":"2025-03-06T20:19:18","slug":"sample-page","status":"publish","type":"page","link":"https:\/\/aguiacontabilidade.com.br\/","title":{"rendered":".: A \u00c1guia Cont\u00e1bil :."},"content":{"rendered":"\n<p>A \u00c1guia Cont\u00e1bil \u00e9 uma empresa consolidada no mercado, fundada em 1984, que ao longo de mais de 25 anos tem se destacado pela excel\u00eancia nos servi\u00e7os prestados. Com um compromisso s\u00f3lido de oferecer solu\u00e7\u00f5es cont\u00e1beis de alta qualidade, a \u00c1guia Cont\u00e1bil tem sido uma parceira confi\u00e1vel para seus clientes, apoiando-os no alcance de seus objetivos financeiros e na gest\u00e3o eficaz de suas empresas.<\/p>\n\n\n\n<p>Com uma vis\u00e3o estrat\u00e9gica e \u00e9tica, a empresa vem acompanhando de perto as mudan\u00e7as no cen\u00e1rio econ\u00f4mico e fiscal, sempre atualizando seus processos e tecnologias para garantir o melhor atendimento. Ao longo dos anos, a \u00c1guia Cont\u00e1bil construiu uma reputa\u00e7\u00e3o forte, baseada na confian\u00e7a, transpar\u00eancia e dedica\u00e7\u00e3o.<\/p>\n\n\n\n<p>O foco da empresa est\u00e1 em proporcionar uma gest\u00e3o cont\u00e1bil de excel\u00eancia, entendendo as necessidades espec\u00edficas de cada cliente e oferecendo solu\u00e7\u00f5es personalizadas. Seja na abertura de empresas, na contabilidade fiscal, no planejamento tribut\u00e1rio ou na elabora\u00e7\u00e3o de relat\u00f3rios financeiros, a \u00c1guia Cont\u00e1bil sempre se coloca como um aliado no sucesso de seus parceiros.<\/p>\n\n\n\n<p>A trajet\u00f3ria de mais de 25 anos de dedica\u00e7\u00e3o e sucesso \u00e9 a prova de que a \u00c1guia Cont\u00e1bil \u00e9 mais que uma prestadora de servi\u00e7os; \u00e9 uma parceira estrat\u00e9gica que se preocupa com o crescimento e a sustentabilidade de seus clientes no longo prazo.<\/p>\n\n\n\n<p><\/p>\n","protected":false},"excerpt":{"rendered":"<p>A \u00c1guia Cont\u00e1bil \u00e9 uma empresa consolidada no mercado, fundada em 1984, que ao longo de mais de 25 anos tem se destacado pela excel\u00eancia nos servi\u00e7os prestados. Com um compromisso s\u00f3lido de oferecer solu\u00e7\u00f5es cont\u00e1beis de alta qualidade, a \u00c1guia Cont\u00e1bil tem sido uma parceira confi\u00e1vel para seus clientes, apoiando-os no alcance de seus [&hellip;]<\/p>\n","protected":false},"author":3,"featured_media":8,"parent":0,"menu_order":0,"comment_status":"closed","ping_status":"closed","template":"","meta":{"footnotes":""},"class_list":["post-2","page","type-page","status-publish","has-post-thumbnail","hentry"],"_links":{"self":[{"href":"https:\/\/aguiacontabilidade.com.br\/index.php?rest_route=\/wp\/v2\/pages\/2","targetHints":{"allow":["GET"]}}],"collection":[{"href":"https:\/\/aguiacontabilidade.com.br\/index.php?rest_route=\/wp\/v2\/pages"}],"about":[{"href":"https:\/\/aguiacontabilidade.com.br\/index.php?rest_route=\/wp\/v2\/types\/page"}],"author":[{"embeddable":true,"href":"https:\/\/aguiacontabilidade.com.br\/index.php?rest_route=\/wp\/v2\/users\/3"}],"replies":[{"embeddable":true,"href":"https:\/\/aguiacontabilidade.com.br\/index.php?rest_route=%2Fwp%2Fv2%2Fcomments&post=2"}],"version-history":[{"count":2,"href":"https:\/\/aguiacontabilidade.com.br\/index.php?rest_route=\/wp\/v2\/pages\/2\/revisions"}],"predecessor-version":[{"id":71,"href":"https:\/\/aguiacontabilidade.com.br\/index.php?rest_route=\/wp\/v2\/pages\/2\/revisions\/71"}],"wp:featuredmedia":[{"embeddable":true,"href":"https:\/\/aguiacontabilidade.com.br\/index.php?rest_route=\/wp\/v2\/media\/8"}],"wp:attachment":[{"href":"https:\/\/aguiacontabilidade.com.br\/index.php?rest_route=%2Fwp%2Fv2%2Fmedia&parent=2"}],"curies":[{"name":"wp","href":"https:\/\/api.w.org\/{rel}","templated":true}]}}