{"id":31,"date":"2022-07-07T13:54:27","date_gmt":"2022-07-07T13:54:27","guid":{"rendered":"https:\/\/aguiacontabilidade.com.br\/?page_id=31"},"modified":"2025-03-06T20:19:17","modified_gmt":"2025-03-06T20:19:17","slug":"servicos","status":"publish","type":"page","link":"https:\/\/aguiacontabilidade.com.br\/?page_id=31","title":{"rendered":"Servi\u00e7os"},"content":{"rendered":"\n<p><strong>Abertura de microempresa e empresas em geral<\/strong><\/p>\n\n\n\n<p><br>A <strong>abertura de microempresa e empresas em geral<\/strong> envolve o processo de formaliza\u00e7\u00e3o da empresa junto aos \u00f3rg\u00e3os competentes, como a Junta Comercial e a Receita Federal, garantindo que a empresa esteja devidamente registrada e com todos os documentos necess\u00e1rios, como o CNPJ e o contrato social. A contabilidade deve garantir que o tipo de empresa, o regime tribut\u00e1rio e a estrutura cont\u00e1bil sejam escolhidos corretamente, de acordo com as necessidades do neg\u00f3cio e a legisla\u00e7\u00e3o vigente.<\/p>\n\n\n\n<p><strong>Encerramento de empresas<\/strong><\/p>\n\n\n\n<p><br>O <strong>encerramento de empresas<\/strong> ocorre quando a empresa decide cessar suas atividades. A contabilidade \u00e9 respons\u00e1vel por formalizar o processo de <strong>baixa<\/strong> na Receita Federal e na Junta Comercial, liquidar as pend\u00eancias fiscais e trabalhistas, e garantir o correto pagamento de impostos e taxas devidas at\u00e9 o momento do encerramento. Esse processo envolve a prepara\u00e7\u00e3o de documentos de encerramento e a verifica\u00e7\u00e3o de que todas as obriga\u00e7\u00f5es foram cumpridas para evitar problemas futuros.<\/p>\n\n\n\n<p><strong>Cont\u00e1bil<\/strong><\/p>\n\n\n\n<p><br>A <strong>contabilidade<\/strong> \u00e9 respons\u00e1vel por registrar todas as transa\u00e7\u00f5es financeiras da empresa de acordo com as normas cont\u00e1beis e fiscais, gerando relat\u00f3rios e balan\u00e7os que ajudam na tomada de decis\u00f5es estrat\u00e9gicas. A contabilidade tamb\u00e9m garante que a empresa esteja em conformidade com as obriga\u00e7\u00f5es fiscais e trabalhistas, como o pagamento de impostos, a elabora\u00e7\u00e3o de demonstrativos financeiros, a escritura\u00e7\u00e3o de livros cont\u00e1beis e a gest\u00e3o de fluxos de caixa.<\/p>\n\n\n\n<p><strong>Fiscal<\/strong><\/p>\n\n\n\n<p><br>A <strong>\u00e1rea fiscal<\/strong> envolve a gest\u00e3o dos tributos e impostos da empresa, incluindo o c\u00e1lculo e o pagamento de impostos como ICMS, ISS, PIS, COFINS, entre outros. A contabilidade fiscal cuida da correta apura\u00e7\u00e3o dos tributos, do cumprimento das obriga\u00e7\u00f5es acess\u00f3rias (como declara\u00e7\u00f5es fiscais e guias de pagamento), e da conformidade com a legisla\u00e7\u00e3o tribut\u00e1ria em n\u00edvel federal, estadual e municipal. Al\u00e9m disso, oferece consultoria para otimizar a carga tribut\u00e1ria e garantir que a empresa n\u00e3o sofra penalidades fiscais.<\/p>\n\n\n\n<p><strong>Folha de pagamento<\/strong><\/p>\n\n\n\n<p><br>A <strong>folha de pagamento<\/strong> \u00e9 a elabora\u00e7\u00e3o e o controle dos pagamentos de sal\u00e1rios, benef\u00edcios e encargos trabalhistas aos empregados. A contabilidade \u00e9 respons\u00e1vel por calcular corretamente os valores devidos, considerando as remunera\u00e7\u00f5es, descontos, impostos sobre a folha de pagamento (como INSS e IRRF) e o cumprimento das obriga\u00e7\u00f5es trabalhistas, como o pagamento de f\u00e9rias, 13\u00ba sal\u00e1rio e FGTS. A empresa deve cumprir com todas as exig\u00eancias legais para evitar passivos trabalhistas.<\/p>\n\n\n\n<p><strong>Imposto de Renda<\/strong><\/p>\n\n\n\n<p><br>A <strong>gest\u00e3o do Imposto de Renda<\/strong> envolve tanto a declara\u00e7\u00e3o do <strong>Imposto de Renda Pessoa F\u00edsica (IRPF)<\/strong> quanto o <strong>Imposto de Renda Pessoa Jur\u00eddica (IRPJ)<\/strong>. Para a Pessoa Jur\u00eddica, a contabilidade deve calcular o imposto devido de acordo com o regime tribut\u00e1rio da empresa (lucro real, presumido ou arbitrado), elaborar a declara\u00e7\u00e3o anual de IRPJ e garantir o cumprimento das obriga\u00e7\u00f5es fiscais. J\u00e1 para a Pessoa F\u00edsica, o contador auxilia na apura\u00e7\u00e3o e no preenchimento da declara\u00e7\u00e3o do imposto, considerando todas as dedu\u00e7\u00f5es e rendimentos, al\u00e9m de garantir que o pagamento do imposto seja feito corretamente.<\/p>\n","protected":false},"excerpt":{"rendered":"<p>Abertura de microempresa e empresas em geral A abertura de microempresa e empresas em geral envolve o processo de formaliza\u00e7\u00e3o da empresa junto aos \u00f3rg\u00e3os competentes, como a Junta Comercial e a Receita Federal, garantindo que a empresa esteja devidamente registrada e com todos os documentos necess\u00e1rios, como o CNPJ e o contrato social. A [&hellip;]<\/p>\n","protected":false},"author":3,"featured_media":8,"parent":0,"menu_order":0,"comment_status":"closed","ping_status":"closed","template":"","meta":{"footnotes":""},"class_list":["post-31","page","type-page","status-publish","has-post-thumbnail","hentry"],"_links":{"self":[{"href":"https:\/\/aguiacontabilidade.com.br\/index.php?rest_route=\/wp\/v2\/pages\/31","targetHints":{"allow":["GET"]}}],"collection":[{"href":"https:\/\/aguiacontabilidade.com.br\/index.php?rest_route=\/wp\/v2\/pages"}],"about":[{"href":"https:\/\/aguiacontabilidade.com.br\/index.php?rest_route=\/wp\/v2\/types\/page"}],"author":[{"embeddable":true,"href":"https:\/\/aguiacontabilidade.com.br\/index.php?rest_route=\/wp\/v2\/users\/3"}],"replies":[{"embeddable":true,"href":"https:\/\/aguiacontabilidade.com.br\/index.php?rest_route=%2Fwp%2Fv2%2Fcomments&post=31"}],"version-history":[{"count":2,"href":"https:\/\/aguiacontabilidade.com.br\/index.php?rest_route=\/wp\/v2\/pages\/31\/revisions"}],"predecessor-version":[{"id":73,"href":"https:\/\/aguiacontabilidade.com.br\/index.php?rest_route=\/wp\/v2\/pages\/31\/revisions\/73"}],"wp:featuredmedia":[{"embeddable":true,"href":"https:\/\/aguiacontabilidade.com.br\/index.php?rest_route=\/wp\/v2\/media\/8"}],"wp:attachment":[{"href":"https:\/\/aguiacontabilidade.com.br\/index.php?rest_route=%2Fwp%2Fv2%2Fmedia&parent=31"}],"curies":[{"name":"wp","href":"https:\/\/api.w.org\/{rel}","templated":true}]}}