{"id":37,"date":"2022-07-07T13:56:00","date_gmt":"2022-07-07T13:56:00","guid":{"rendered":"https:\/\/aguiacontabilidade.com.br\/?page_id=37"},"modified":"2025-03-06T20:19:16","modified_gmt":"2025-03-06T20:19:16","slug":"declaracoes-ir","status":"publish","type":"page","link":"https:\/\/aguiacontabilidade.com.br\/?page_id=37","title":{"rendered":"Declara\u00e7\u00f5es IR"},"content":{"rendered":"\n<ul class=\"wp-block-list\">\n<li><strong>An\u00e1lise, orienta\u00e7\u00e3o e controle da aplica\u00e7\u00e3o dos dispositivos legais vigentes<\/strong> : A contabilidade deve analisar, orientar e controlar a aplica\u00e7\u00e3o dos dispositivos legais vigentes relacionados \u00e0 tributa\u00e7\u00e3o, obriga\u00e7\u00f5es fiscais e trabalhistas. Isso envolve garantir que a empresa cumpra a legisla\u00e7\u00e3o vigente, tanto no aspecto tribut\u00e1rio quanto nas demais \u00e1reas, como a previdenci\u00e1ria e trabalhista, a fim de evitar autua\u00e7\u00f5es ou penalidades por descumprimento.<\/li>\n\n\n\n<li><strong>Declara\u00e7\u00e3o de Imposto de Renda Pessoa Jur\u00eddica<\/strong> : A <strong>Declara\u00e7\u00e3o de Imposto de Renda Pessoa Jur\u00eddica (IRPJ)<\/strong> \u00e9 uma obriga\u00e7\u00e3o anual das empresas que est\u00e3o sujeitas \u00e0 tributa\u00e7\u00e3o. A contabilidade \u00e9 respons\u00e1vel por calcular o imposto devido com base no regime tribut\u00e1rio da empresa (lucro real, presumido ou arbitrado) e preparar a declara\u00e7\u00e3o de acordo com as regras fiscais vigentes. A declara\u00e7\u00e3o deve ser entregue \u00e0 Receita Federal dentro do prazo estabelecido para evitar multas e juros.<\/li>\n\n\n\n<li><strong>Declara\u00e7\u00e3o de Imposto de Renda Pessoa F\u00edsica<\/strong> : A <strong>Declara\u00e7\u00e3o de Imposto de Renda Pessoa F\u00edsica (IRPF)<\/strong> deve ser apresentada por indiv\u00edduos que receberam rendimentos tribut\u00e1veis acima do limite de isen\u00e7\u00e3o. A contabilidade pode auxiliar pessoas f\u00edsicas (empres\u00e1rios, s\u00f3cios, ou empregados) na apura\u00e7\u00e3o e preenchimento da declara\u00e7\u00e3o, considerando rendimentos, dedu\u00e7\u00f5es permitidas, e a aplica\u00e7\u00e3o das al\u00edquotas do imposto de renda. A entrega correta e no prazo \u00e9 essencial para evitar problemas com o fisco.<\/li>\n\n\n\n<li><strong>C\u00e1lculo do I.R.R.F (Imposto de Renda Retido na Fonte)<\/strong> : O <strong>Imposto de Renda Retido na Fonte (IRRF)<\/strong> \u00e9 uma obriga\u00e7\u00e3o das empresas, que deve ser calculada sobre os rendimentos pagos a empregados, prestadores de servi\u00e7os e outras pessoas jur\u00eddicas ou f\u00edsicas, conforme as tabelas de al\u00edquotas do imposto. A contabilidade deve realizar o c\u00e1lculo e garantir o correto recolhimento do IRRF para que a empresa cumpra suas obriga\u00e7\u00f5es fiscais e evite penalidades. Esse imposto retido ser\u00e1 posteriormente compensado na declara\u00e7\u00e3o de imposto de renda do benefici\u00e1rio.<\/li>\n\n\n\n<li><strong>Elabora\u00e7\u00e3o da DIRF (Declara\u00e7\u00e3o do Imposto de Renda Retido na Fonte)<\/strong> : A <strong>DIRF (Declara\u00e7\u00e3o do Imposto de Renda Retido na Fonte)<\/strong> \u00e9 uma obriga\u00e7\u00e3o acess\u00f3ria que as empresas devem apresentar anualmente \u00e0 Receita Federal. A contabilidade \u00e9 respons\u00e1vel por elaborar a DIRF, que tem como objetivo informar todos os valores de impostos de renda retidos na fonte, tanto de pessoas jur\u00eddicas quanto f\u00edsicas, durante o ano. A entrega correta da DIRF \u00e9 fundamental para que a empresa esteja em conformidade com as exig\u00eancias fiscais e evite multas e san\u00e7\u00f5es.<\/li>\n<\/ul>\n","protected":false},"excerpt":{"rendered":"","protected":false},"author":3,"featured_media":8,"parent":0,"menu_order":0,"comment_status":"closed","ping_status":"closed","template":"","meta":{"footnotes":""},"class_list":["post-37","page","type-page","status-publish","has-post-thumbnail","hentry"],"_links":{"self":[{"href":"https:\/\/aguiacontabilidade.com.br\/index.php?rest_route=\/wp\/v2\/pages\/37","targetHints":{"allow":["GET"]}}],"collection":[{"href":"https:\/\/aguiacontabilidade.com.br\/index.php?rest_route=\/wp\/v2\/pages"}],"about":[{"href":"https:\/\/aguiacontabilidade.com.br\/index.php?rest_route=\/wp\/v2\/types\/page"}],"author":[{"embeddable":true,"href":"https:\/\/aguiacontabilidade.com.br\/index.php?rest_route=\/wp\/v2\/users\/3"}],"replies":[{"embeddable":true,"href":"https:\/\/aguiacontabilidade.com.br\/index.php?rest_route=%2Fwp%2Fv2%2Fcomments&post=37"}],"version-history":[{"count":2,"href":"https:\/\/aguiacontabilidade.com.br\/index.php?rest_route=\/wp\/v2\/pages\/37\/revisions"}],"predecessor-version":[{"id":66,"href":"https:\/\/aguiacontabilidade.com.br\/index.php?rest_route=\/wp\/v2\/pages\/37\/revisions\/66"}],"wp:featuredmedia":[{"embeddable":true,"href":"https:\/\/aguiacontabilidade.com.br\/index.php?rest_route=\/wp\/v2\/media\/8"}],"wp:attachment":[{"href":"https:\/\/aguiacontabilidade.com.br\/index.php?rest_route=%2Fwp%2Fv2%2Fmedia&parent=37"}],"curies":[{"name":"wp","href":"https:\/\/api.w.org\/{rel}","templated":true}]}}